{"id":7066,"date":"2025-04-11T12:23:53","date_gmt":"2025-04-11T10:23:53","guid":{"rendered":"https:\/\/pascale.familiedeger.com\/?page_id=7066"},"modified":"2025-04-16T15:12:47","modified_gmt":"2025-04-16T13:12:47","slug":"mentions-legales","status":"publish","type":"page","link":"https:\/\/pascale.familiedeger.com\/de\/mentions-legales\/","title":{"rendered":"Mentions l\u00e9gales"},"content":{"rendered":"<div data-elementor-type=\"wp-page\" data-elementor-id=\"7066\" class=\"elementor elementor-7066\">\n\t\t\t\t<div class=\"elementor-element elementor-element-008ebdd e-flex e-con-boxed e-con e-parent\" data-id=\"008ebdd\" data-element_type=\"container\" data-e-type=\"container\">\n\t\t\t\t\t<div class=\"e-con-inner\">\n\t\t\t\t<div class=\"elementor-element elementor-element-7cbe08e elementor-widget elementor-widget-text-editor\" data-id=\"7cbe08e\" data-element_type=\"widget\" data-e-type=\"widget\" data-widget_type=\"text-editor.default\">\n\t\t\t\t<div class=\"elementor-widget-container\">\n\t\t\t\t\t\t\t\t\t<h2 class=\"wp-block-heading\">Qui sommes-nous\u00a0?<\/h2>\n<p><span style=\"letter-spacing: 0px;\">Nom de la soci\u00e9t\u00e9 : O TransformActions, E.I.<\/span><\/p>\n<p>Adresse\u00a0: 5, Rue des violettes, F-67160 Wissembourg<br \/>Activit\u00e9s\u00a0: Coaching, autres Enseignements<br \/>T\u00e9l\u00e9phone\u00a0: +33 7 62 11 69 55<p\/>Email\u00a0: contact@otransformactions.com<\/br>\nNr Siret : 942.012.766.00013<\/br>\nResponsable de publication\u00a0: Pascale Deger<\/p>\n<p>Les adresses de notre site sont : https:\/\/otransformactions.com, https:\/\/otransformactions.fr <br \/>www.otransformactions.com est h\u00e9berg\u00e9 par strato\u00a0: <a href=\"https:\/\/www.strato.fr\/\">https:\/\/www.strato.fr\/<\/a> Otto-Ostrowski-Stra\u00dfe 7, 10249 Berlin, Allemagne +49 825 742 360 <br \/>www.otransformactions.fr est h\u00e9berg\u00e9 par cloudflare : https:\/\/www.cloudflare.com\/fr-fr\/ 6 Place de la Madeleine 75008 PARIS<strong>\u00a0<\/strong>+33 1 73 01 52 44.<\/p>\n<p>&nbsp;<\/p>\n<p>&nbsp;<\/p>\t\t\t\t\t\t\t\t<\/div>\n\t\t\t\t<\/div>\n\t\t\t\t\t<\/div>\n\t\t\t\t<\/div>\n\t\t\t\t<\/div>","protected":false},"excerpt":{"rendered":"<p>Qui sommes-nous\u00a0? Nom de la soci\u00e9t\u00e9 : O TransformActions, E.I. Adresse\u00a0: 5, Rue des violettes, F-67160 WissembourgActivit\u00e9s\u00a0: Coaching, autres EnseignementsT\u00e9l\u00e9phone\u00a0: +33 7 62 11 69 55 Email\u00a0: contact@otransformactions.com Nr Siret : 942.012.766.00013 Responsable de publication\u00a0: Pascale Deger Les adresses de notre site sont : https:\/\/otransformactions.com, https:\/\/otransformactions.fr www.otransformactions.com est h\u00e9berg\u00e9 par strato\u00a0: https:\/\/www.strato.fr\/ Otto-Ostrowski-Stra\u00dfe 7, 10249 Berlin, Allemagne +49 825 742 360 www.otransformactions.fr est h\u00e9berg\u00e9 par cloudflare : https:\/\/www.cloudflare.com\/fr-fr\/ 6 Place de la Madeleine 75008 PARIS\u00a0+33 1 73 01 52 44. &nbsp; &nbsp;<\/p>","protected":false},"author":5,"featured_media":0,"parent":0,"menu_order":0,"comment_status":"closed","ping_status":"closed","template":"","meta":{"inline_featured_image":false,"footnotes":""},"class_list":["post-7066","page","type-page","status-publish","hentry","post-no-thumbnail"],"jetpack_sharing_enabled":true,"_links":{"self":[{"href":"https:\/\/pascale.familiedeger.com\/de\/wp-json\/wp\/v2\/pages\/7066","targetHints":{"allow":["GET"]}}],"collection":[{"href":"https:\/\/pascale.familiedeger.com\/de\/wp-json\/wp\/v2\/pages"}],"about":[{"href":"https:\/\/pascale.familiedeger.com\/de\/wp-json\/wp\/v2\/types\/page"}],"author":[{"embeddable":true,"href":"https:\/\/pascale.familiedeger.com\/de\/wp-json\/wp\/v2\/users\/5"}],"replies":[{"embeddable":true,"href":"https:\/\/pascale.familiedeger.com\/de\/wp-json\/wp\/v2\/comments?post=7066"}],"version-history":[{"count":34,"href":"https:\/\/pascale.familiedeger.com\/de\/wp-json\/wp\/v2\/pages\/7066\/revisions"}],"predecessor-version":[{"id":7112,"href":"https:\/\/pascale.familiedeger.com\/de\/wp-json\/wp\/v2\/pages\/7066\/revisions\/7112"}],"wp:attachment":[{"href":"https:\/\/pascale.familiedeger.com\/de\/wp-json\/wp\/v2\/media?parent=7066"}],"curies":[{"name":"wp","href":"https:\/\/api.w.org\/{rel}","templated":true}]}}